{"id":5,"date":"2013-01-14T21:02:50","date_gmt":"2013-01-14T19:02:50","guid":{"rendered":"http:\/\/gerhardkoestler.de\/wordpress\/?page_id=5"},"modified":"2013-07-15T15:35:35","modified_gmt":"2013-07-15T13:35:35","slug":"fuhrungen","status":"publish","type":"page","link":"http:\/\/gerhardkoestler.de\/wordpress\/?page_id=5","title":{"rendered":"F\u00fchrungen"},"content":{"rendered":"<h2>Buchheim-Museum und Schloss H\u00f6henried<\/h2>\n<p>Von Bernried aus besuchen wir das bekannte Museum derr Phantasie. Inmitten der beindruckenden Natur, in einem Geb\u00e4ude des Olympia-Architekten Behnisch finden wir auf fast 4000 qm die Meisterwerke der deutschen Expressionisten.<\/p>\n<p>Von dort geht es weiter zum Schloss H\u00f6henried, erbaut von Mrs Busch-Woods. Ihr legend\u00e4rer Reichtum, drei Ehem\u00e4nner und ihr Erbe machen sie zur &#8222;letzten K\u00f6nigin Bayerns&#8220;. Auf dem R\u00fcckweg besuchen wir das Kloster Bernried mit der Hofmarkkirche.<\/p>\n<h2>Kaiserin-Elisabeth-Weg &#8211; Auf den Spuren von Sisi<\/h2>\n<p>Ein besonders sch\u00f6ner Wanderweg am Starnberger See folgt den Spuren der Kaiserin Elisabeth von \u00d6sterreich, besser bekannt unter dem Kosenamen Sisi. Start der rund f\u00fcnf Kilometer langen Wanderroute ist der Bahnhof Possenhofen. Bei Interesse k\u00f6nnen wir gemeinsam das dortige Elisabeth-Museum besichtigen.<\/p>\n<p>Vom Bahnhof aus geht es runter zum Schloss Possenhofen und dem Ufer entlang bis zum Lenn\u00e9park und der Roseninsel. Der Kaiserin Elisabeth Weg verl\u00e4uft nun durch den Park zum Ort Feldafing, wo sich u. a. das Hotel Kaiser Elisabeth befindet. Dieses war 24 Jahre lang die Sommerresidenz von Sisi gewesen. Der Endpunkt dieser Wanderung in Bayern bildet der S-Bahnhof Feldafing.<\/p>\n<h2>Wandertour nach Andechs<\/h2>\n<p>Einer der bekanntesten Wanderwege in unserer Gegend ist das Kiental. Ein tiefer Taleinschnitt mit steilen Bergh\u00e4ngen links und rechts des Kienbaches zwischen Herrsching und Andechs. Das Kiental und der Andechser Endmor\u00e4nenh\u00fcgel entstand in der W\u00fcrmeiszeit vor etwa 10.000 bis 15.000 Jahren. Wir wandern (knapp 1 Stunde, leichte Wanderung) auf einem abwechslungsreichen und landschaftlich reizvollem Weg von Herrsching nach Andechs.<\/p>\n<p>Das Kloster Andechs ist schon weither sichtbar auf dem Heiligen Berg \u00fcber dem Ostufer des Ammersees und seit \u00fcber einem halben Jahrtausend ein beliebtes Ziel f\u00fcr Pilger. Als Ort der Begegnung und Orientierung ist Kloster Andechs mit der ber\u00fchmten Roccocokirche, Brauerei, Br\u00e4ust\u00fcberl, Klostergasthof und nicht zuletzt wegen seines reichhaltigen kulturellen Angebotes in den repr\u00e4sentativen R\u00e4umlichkeiten des F\u00fcrstentraktes und im &#8222;Florian-Stadl&#8220; ein begehrter Tagungsort und Anziehungspunkt f\u00fcr Besucher aus der ganzen Welt.<\/p>\n<p>Lassen Sie den Tag ausklingen und genie\u00dfen Sie ein gutes Andechser Spezial Bier im Br\u00e4ust\u00fcberl und eine ausgezeichnete Schweinshaxn. Der R\u00fcckweg nach Herrsching ist auch mit dem Bus m\u00f6glich.<\/p>\n<h2>Spaziergang auf die Ilkah\u00f6he Tutzing:<\/h2>\n<p>Die Ilkah\u00f6he ist eine 726 m hohe Erhebung am Westufer des Starnberger Sees s\u00fcdlich von Tutzing. Sie wurde in der W\u00fcrmeiszeit vom W\u00fcrmgletscher gebildet und ist ein \u00dcberbleibsel seiner Seitenmor\u00e4ne. Aufgrund ihrer exponierten Lage ist die Ilkah\u00f6he ein beliebter Aussichtspunkt. An klaren Tagen kann man das Alpenpanorama von der Zugspitze bis hin zu den Chiemgauer Alpen bewundern.<\/p>\n<h2>Fackelwanderung zur Votivkapelle<\/h2>\n<p>Bei diesem einst\u00fcndigen Abendspaziergang vom Seehotel Leoni zur Votivkapelle erfahren Sie spanndendes und \u00fcberraschendes \u00fcber Leben und Tod von K\u00f6nig Ludwig II. Ausgestattet mit Fakeln erkunden wir die Stelle des mysteri\u00f6sen Todes des M\u00e4rchenk\u00f6nigs und erleben die Magie der Votivkapelle.<br \/>\nEndpunkt der Wanderung ist wieder das Seehotel Leoni, wo man bei Interesse noch ein Abendessen oder einen Drink zu sich nehmen kann.<\/p>\n<h2>Individuelle Ausfl\u00fcge<\/h2>\n<p>Gerne stelle ich Ihnen individuelle Ausfl\u00fcge nach Ihren W\u00fcnschen zusammen.<\/p>\n","protected":false},"excerpt":{"rendered":"<p>Buchheim-Museum und Schloss H\u00f6henried Von Bernried aus besuchen wir das bekannte Museum derr Phantasie. Inmitten der beindruckenden Natur, in einem Geb\u00e4ude des Olympia-Architekten Behnisch finden wir auf fast 4000 qm die Meisterwerke der deutschen Expressionisten. Von dort geht es weiter &hellip; <a href=\"http:\/\/gerhardkoestler.de\/wordpress\/?page_id=5\">Weiterlesen <span class=\"meta-nav\">&rarr;<\/span><\/a><\/p>\n","protected":false},"author":1,"featured_media":0,"parent":0,"menu_order":0,"comment_status":"closed","ping_status":"closed","template":"","meta":[],"_links":{"self":[{"href":"http:\/\/gerhardkoestler.de\/wordpress\/index.php?rest_route=\/wp\/v2\/pages\/5"}],"collection":[{"href":"http:\/\/gerhardkoestler.de\/wordpress\/index.php?rest_route=\/wp\/v2\/pages"}],"about":[{"href":"http:\/\/gerhardkoestler.de\/wordpress\/index.php?rest_route=\/wp\/v2\/types\/page"}],"author":[{"embeddable":true,"href":"http:\/\/gerhardkoestler.de\/wordpress\/index.php?rest_route=\/wp\/v2\/users\/1"}],"replies":[{"embeddable":true,"href":"http:\/\/gerhardkoestler.de\/wordpress\/index.php?rest_route=%2Fwp%2Fv2%2Fcomments&post=5"}],"version-history":[{"count":21,"href":"http:\/\/gerhardkoestler.de\/wordpress\/index.php?rest_route=\/wp\/v2\/pages\/5\/revisions"}],"predecessor-version":[{"id":45,"href":"http:\/\/gerhardkoestler.de\/wordpress\/index.php?rest_route=\/wp\/v2\/pages\/5\/revisions\/45"}],"wp:attachment":[{"href":"http:\/\/gerhardkoestler.de\/wordpress\/index.php?rest_route=%2Fwp%2Fv2%2Fmedia&parent=5"}],"curies":[{"name":"wp","href":"https:\/\/api.w.org\/{rel}","templated":true}]}}